{"id":774,"date":"2018-05-28T19:00:13","date_gmt":"2018-05-28T23:00:13","guid":{"rendered":"http:\/\/heiligemaria.com\/?page_id=774"},"modified":"2020-05-14T12:19:43","modified_gmt":"2020-05-14T10:19:43","slug":"%d8%a7%d9%84%d9%85%d8%ac%d9%84%d8%b3-%d8%a7%d9%84%d9%85%d9%84%d9%8a-%d9%84%d9%84%d9%83%d9%86%d9%8a%d8%b3%d8%a9","status":"publish","type":"page","link":"https:\/\/heiligemaria.com\/ar\/%d9%85%d9%86-%d9%86%d8%ad%d9%86\/%d8%a7%d9%84%d9%85%d8%ac%d9%84%d8%b3-%d8%a7%d9%84%d9%85%d9%84%d9%8a-%d9%84%d9%84%d9%83%d9%86%d9%8a%d8%b3%d8%a9\/","title":{"rendered":"\u0627\u0644\u0645\u062c\u0644\u0633 \u0627\u0644\u0645\u0644\u064a \u0644\u0644\u0643\u0646\u064a\u0633\u0629"},"content":{"rendered":"\n<div class=\"wp-block-columns about-table\">\n<div class=\"wp-block-column\" style=\"flex-basis:25%\">\n<h2>\u0645\u0643\u062a\u0628. \u0645\u0642\u0631. \u0645\u0631\u0643\u0632<\/h2>\n\n\n\n<p><strong>Stv. Obmann<\/strong><br>Israil G\u00dcNEL<\/p>\n\n\n\n<p><strong>Sekret\u00e4r<\/strong><br>Fahim AHO<\/p>\n\n\n\n<p><strong>Stv. Sekret\u00e4r<\/strong><br>Lukas ISLEK<\/p>\n<\/div>\n\n\n\n<div class=\"wp-block-column\" style=\"flex-basis:25%\">\n<h2>\u0627\u062f\u0627\u0631\u0629 \u0645\u0627\u0644\u064a\u0629<\/h2>\n\n\n\n<p><strong>Finanzverwalter<\/strong><br>Cetin GHARIBO<\/p>\n\n\n\n<p><strong>Stv. Finanzverwalter<\/strong><br>Salim HANACHI<\/p>\n\n\n\n<p><strong>Kassier<\/strong><br>Gregor DOLAS<\/p>\n\n\n\n<p><strong>Stv. Kassier<\/strong><br>Sefer BARAN<\/p>\n<\/div>\n\n\n\n<div class=\"wp-block-column\" style=\"flex-basis:25%\">\n<h2>\u0634\u0624\u0648\u0646 \u0627\u0644\u0643\u0646\u064a\u0633\u0629 \u0627\u0644\u062f\u0627\u062e\u0644\u064a\u0629<\/h2>\n\n\n\n<p><strong>1. Verwalter<\/strong><br>Samiyel AKSAN<\/p>\n\n\n\n<p><strong>2. Verwalter<\/strong><br>Aboud ABDELAHAD<\/p>\n\n\n\n<p><strong>3. Verwalter<\/strong><br>George THANI<\/p>\n<\/div>\n\n\n\n<div class=\"wp-block-column\" style=\"flex-basis:25%\">\n<h2>\u0627\u0644\u062b\u0642\u0627\u0641\u0629 \u0648\u0627\u0644\u0631\u064a\u0627\u0636\u0629 \u0648\u0627\u0644\u0634\u0628\u0627\u0628 <\/h2>\n\n\n\n<p><strong>1. Verwalter<\/strong><br>Lukas BAYYIGIT<\/p>\n\n\n\n<p><strong>2. Verwalter<\/strong><br>Irem YILDIZ<\/p>\n<\/div>\n<\/div>\n","protected":false},"excerpt":{"rendered":"<p>\u0645\u0643\u062a\u0628. \u0645\u0642\u0631. \u0645\u0631\u0643\u0632 Stv. ObmannIsrail G\u00dcNEL Sekret\u00e4rFahim AHO Stv. Sekret\u00e4rLukas ISLEK \u0627\u062f\u0627\u0631\u0629 \u0645\u0627\u0644\u064a\u0629 FinanzverwalterCetin GHARIBO Stv. FinanzverwalterSalim HANACHI KassierGregor DOLAS<\/p>\n","protected":false},"author":1,"featured_media":0,"parent":840,"menu_order":0,"comment_status":"closed","ping_status":"closed","template":"","meta":{"advgb_blocks_editor_width":"","advgb_blocks_columns_visual_guide":""},"coauthors":[],"author_meta":{"author_link":"https:\/\/heiligemaria.com\/profil\/","display_name":""},"relative_dates":{"created":"Posted 8 \u0633\u0646\u0648\u0627\u062a ago","modified":"Updated 6 \u0633\u0646\u0648\u0627\u062a ago"},"absolute_dates":{"created":"Posted on 28.05.2018","modified":"Updated on 14.05.2020"},"absolute_dates_time":{"created":"Posted on 28.05.2018 7:00 \u0645","modified":"Updated on 14.05.2020 12:19 \u0645"},"featured_img_caption":"","featured_img":false,"_links":{"self":[{"href":"https:\/\/heiligemaria.com\/ar\/wp-json\/wp\/v2\/pages\/774"}],"collection":[{"href":"https:\/\/heiligemaria.com\/ar\/wp-json\/wp\/v2\/pages"}],"about":[{"href":"https:\/\/heiligemaria.com\/ar\/wp-json\/wp\/v2\/types\/page"}],"author":[{"embeddable":true,"href":"https:\/\/heiligemaria.com\/ar\/wp-json\/wp\/v2\/users\/1"}],"replies":[{"embeddable":true,"href":"https:\/\/heiligemaria.com\/ar\/wp-json\/wp\/v2\/comments?post=774"}],"version-history":[{"count":12,"href":"https:\/\/heiligemaria.com\/ar\/wp-json\/wp\/v2\/pages\/774\/revisions"}],"predecessor-version":[{"id":3776,"href":"https:\/\/heiligemaria.com\/ar\/wp-json\/wp\/v2\/pages\/774\/revisions\/3776"}],"up":[{"embeddable":true,"href":"https:\/\/heiligemaria.com\/ar\/wp-json\/wp\/v2\/pages\/840"}],"wp:attachment":[{"href":"https:\/\/heiligemaria.com\/ar\/wp-json\/wp\/v2\/media?parent=774"}],"curies":[{"name":"wp","href":"https:\/\/api.w.org\/{rel}","templated":true}]}}