{"id":883,"date":"2018-06-03T18:43:31","date_gmt":"2018-06-03T22:43:31","guid":{"rendered":"http:\/\/heiligemaria.com\/council-of-the-church\/"},"modified":"2020-05-13T13:59:55","modified_gmt":"2020-05-13T11:59:55","slug":"the-parish-council","status":"publish","type":"page","link":"https:\/\/heiligemaria.com\/en\/about\/the-parish-council\/","title":{"rendered":"The parish council 2020\/2021"},"content":{"rendered":"\n<div class=\"wp-block-columns about-table\">\n<div class=\"wp-block-column\" style=\"flex-basis:25%\">\n<h2>Office<\/h2>\n\n\n\n<p><strong>Stv. Obmann<\/strong><br\/>Israil G\u00dcNEL<\/p>\n\n\n\n<p><strong>Sekret\u00e4r<\/strong><br\/>Fahim AHO<\/p>\n\n\n\n<p><strong>Stv. Sekret\u00e4r<\/strong><br\/>Lukas ISLEK<\/p>\n<\/div>\n\n\n\n<div class=\"wp-block-column\" style=\"flex-basis:25%\">\n<h2>Financial management<\/h2>\n\n\n\n<p><strong>Finanzverwalter<\/strong><br\/>Cetin GHARIBO<\/p>\n\n\n\n<p><strong>Stv. Finanzverwalter<\/strong><br\/>Salim HANACHI<\/p>\n\n\n\n<p><strong>Kassier<\/strong><br\/>Gregor DOLAS<\/p>\n\n\n\n<p><strong>Stv. Kassier<\/strong><br\/>Sefer BARAN<\/p>\n<\/div>\n\n\n\n<div class=\"wp-block-column\" style=\"flex-basis:25%\">\n<h2>Internal church affairs<\/h2>\n\n\n\n<p><strong>1. Verwalter<\/strong><br\/>Samiyel AKSAN<\/p>\n\n\n\n<p><strong>2. Verwalter<\/strong><br\/>Aboud ABDELAHAD<\/p>\n\n\n\n<p><strong>3. Verwalter<\/strong><br\/>George THANI<\/p>\n<\/div>\n\n\n\n<div class=\"wp-block-column\" style=\"flex-basis:25%\">\n<h2>Cultur, Sport &amp; Youth<\/h2>\n\n\n\n<p><strong>1. Verwalter<\/strong><br\/>Lukas BAYYIGIT<\/p>\n\n\n\n<p><strong>2. Verwalter<\/strong><br\/>Irem YILDIZ<\/p>\n<\/div>\n<\/div>\n","protected":false},"excerpt":{"rendered":"<p>Office Stv. ObmannIsrail G\u00dcNEL Sekret\u00e4rFahim AHO Stv. Sekret\u00e4rLukas ISLEK Financial management FinanzverwalterCetin GHARIBO Stv. FinanzverwalterSalim HANACHI KassierGregor DOLAS Stv. KassierSefer<\/p>\n","protected":false},"author":1,"featured_media":0,"parent":197,"menu_order":0,"comment_status":"closed","ping_status":"closed","template":"","meta":{"advgb_blocks_editor_width":"","advgb_blocks_columns_visual_guide":""},"coauthors":[],"author_meta":{"author_link":"https:\/\/heiligemaria.com\/profil\/","display_name":""},"relative_dates":{"created":"Posted 8 years ago","modified":"Updated 6 years ago"},"absolute_dates":{"created":"Posted on 03.06.2018","modified":"Updated on 13.05.2020"},"absolute_dates_time":{"created":"Posted on 03.06.2018 6:43 pm","modified":"Updated on 13.05.2020 1:59 pm"},"featured_img_caption":"","featured_img":false,"_links":{"self":[{"href":"https:\/\/heiligemaria.com\/en\/wp-json\/wp\/v2\/pages\/883"}],"collection":[{"href":"https:\/\/heiligemaria.com\/en\/wp-json\/wp\/v2\/pages"}],"about":[{"href":"https:\/\/heiligemaria.com\/en\/wp-json\/wp\/v2\/types\/page"}],"author":[{"embeddable":true,"href":"https:\/\/heiligemaria.com\/en\/wp-json\/wp\/v2\/users\/1"}],"replies":[{"embeddable":true,"href":"https:\/\/heiligemaria.com\/en\/wp-json\/wp\/v2\/comments?post=883"}],"version-history":[{"count":20,"href":"https:\/\/heiligemaria.com\/en\/wp-json\/wp\/v2\/pages\/883\/revisions"}],"predecessor-version":[{"id":3755,"href":"https:\/\/heiligemaria.com\/en\/wp-json\/wp\/v2\/pages\/883\/revisions\/3755"}],"up":[{"embeddable":true,"href":"https:\/\/heiligemaria.com\/en\/wp-json\/wp\/v2\/pages\/197"}],"wp:attachment":[{"href":"https:\/\/heiligemaria.com\/en\/wp-json\/wp\/v2\/media?parent=883"}],"curies":[{"name":"wp","href":"https:\/\/api.w.org\/{rel}","templated":true}]}}